
{"id":61,"date":"2015-02-22T21:06:15","date_gmt":"2015-02-22T21:06:15","guid":{"rendered":"http:\/\/roessner.traving.com\/?page_id=61"},"modified":"2015-09-15T18:34:30","modified_gmt":"2015-09-15T18:34:30","slug":"4d-infoseite","status":"publish","type":"page","link":"https:\/\/roessner.ch\/?page_id=61","title":{"rendered":"4D Infoseite"},"content":{"rendered":"<h2>Tipps f\u00fcr Alpeneinsteiger<\/h2>\n<p>Ich bin nicht der gro\u00dfe Guru, dennoch will ich euch schon vorab mal ein paar Tipps f\u00fcrs P\u00e4ssefahren geben.<br \/>\nEinen Berg ist bestimmt jeder schon mal gefahren und ne Kurve hat auch jeder schon mal erlebt.<br \/>\nAber was, wenn die Kurve zum Berg dazu kommt?<br \/>\n&#8230;und das grad 10 bis 15 mal hintereinander hoch und danach wieder runter&#8230;<br \/>\nDaf\u00fcr mu\u00df etwas an Fahrtechnik vorhanden sein und um dies zu \u00fcben gibt es die 4D- Alpentour.<\/p>\n<p><strong>Hier nun meine Empfehlungen:<\/strong><br \/>\n<b><\/b><\/p>\n<h4><b>Die Rechtskurve wird immer von links angefahren und die Linkskurve von rechts<\/b><\/h4>\n<p>Das hat gleich mehrere Vorteile:<\/p>\n<ul>\n<li>ihr k\u00f6nnt die Kurve besser einsehen<\/li>\n<li>euer Kurvenradius ist gr\u00f6\u00dfer<\/li>\n<li>ihr habt mehr Sicherheit, falls die Kurve \u201e zu macht\u201c<\/li>\n<li>die Gefahr aus der Kurve getragen zu werden ist entschieden geringer, als wenn ihr den engsten Radius fahrt<br \/>\n<b><\/b><\/li>\n<\/ul>\n<h4><b>Der Helm bleibt parallel zur Fahrbahn<\/b><i><br \/>\n<\/i><\/h4>\n<ul>\n<li>So habt ihr freie Sicht in die Kurve und versperrt euch diese nicht mit dem Helmvorsprung \u00fcber den Augen<\/li>\n<li>Jetzt m\u00fcsst ihr nicht mehr 2m vors Vorderrad schauen sondern k\u00f6nnt euern blick frei in Richtung Kurvenausgang lenken.<\/li>\n<li><i>Euer Moped f\u00e4hrt dort hin, wo ihr hin seht!!!!!<br \/>\n<\/i>Keine Scheu, es kommt schon mit<\/li>\n<\/ul>\n<p><b>Vor der Kurve runterschalten<\/b><\/p>\n<ul>\n<li>nicht in der Kurve<\/li>\n<li>dazu habt ihr dann selten noch Zeit<\/li>\n<\/ul>\n<h4><b>&#8230; und immer sch\u00f6n locker bleiben. Vor allem in den Armbeugen und den Schultern<\/b><\/h4>\n<hr \/>\n<h2><a name=\"03c1989bba0a66c07\"><\/a>Hinweise zum Fahren in Gruppe<\/h2>\n<h4><b>Fahre dein eigenes Ding!<\/b><\/h4>\n<p>Gerade in der Gruppe gilt: Sicherheit geht vor!!! Bedr\u00e4nge niemanden; wenn jemand in Kurven langsam f\u00e4hrt, dann macht er das nicht, um dich zu \u00e4rgern, sondern weil er sich eine h\u00f6here Geschwindigkeit nicht zutraut. Ihr m\u00fcsst niemandem etwas beweisen. Fahrt so wie ihr es gewohnt seid und euch sicher f\u00fchlt!<br \/>\n<b><\/b><\/p>\n<h4><b>Gruppen- oder Positionswechsel<\/b><\/h4>\n<p>Es wird nicht einfach \u00fcberholt!!! F\u00fchlt Ihr euch in einer Gruppe nicht wohl oder wollt ihr einen Positionswechsel innerhalb einer Gruppe, dann besprecht das bitte (auch mit den Vor- und Hinterm\u00e4nnern, die nicht direkt betroffen sind, denn sie haben jetzt einen anderen vor bzw. hinter sich). Dazu wird bei den Stops genug Gelegenheit sein. Ein Fahrer, der sich in der schnelleren Gruppe nicht wohlf\u00fchlt kann die anderen vorbeiwinken (ganz rechts fahren, Geschwindigkeit drosseln und Handzeichen) und sich in der langsameren einreihen, aber nur, wenn ein Durchhalten bis zum n\u00e4chsten Stopp unm\u00f6glich erscheint!<br \/>\n<b><\/b><\/p>\n<h4><b>Jeder ist f\u00fcr seine Vorder- und Hinterm\u00e4nner mitverantwortlich<\/b><\/h4>\n<p>Achtet auf eure Hinter- bzw. Vorderm\u00e4nner, das ist mit ein Grund warum Ihr nicht einfach \u00fcberholen sollt, man kann euch dann nicht von einem nicht zu der Gruppe geh\u00f6renden unterscheiden. Gerade der Leader hat den schwersten Job, Route schauen, Stra\u00dfe und Verkehr beachten und euch im R\u00fcckspiegel beobachten. Macht es euren Leadern und mir bitte so leicht wie m\u00f6glich. Fahrt gestaffelt. Leader in der Mitte, der n\u00e4chste m\u00f6glichst rechts, der darauf folgende links, der Rest staffelt sich entsprechend (gilt eigentlich nur auf der Geraden). Der Leader sollte m\u00f6glichst alle in seinen Spiegeln sehen k\u00f6nnen und jeder sollte den Leader sehen. Exakt hintereinander zu fahren ist tabu! Schaut auch selber \u00f6fter nach euren Hinterm\u00e4nnern; noch da? Oder blinkt einer nach rechts und muss\/will halten? Signale schnell weitergeben!!!<br \/>\n<b><\/b><\/p>\n<h4><b>\u00dcberholen<\/b><\/h4>\n<p>Denkt dran, hinter Euch ist auch noch jemand, der an dem Auto vorbei will. Nicht einfach nach dem \u00dcberholvorgang abbremsen und das auch noch sch\u00f6n in der Mitte der Fahrbahn. Nach dem \u00dcberholen schlie\u00dft ihr auf und macht keine Bremsman\u00f6ver (au\u00dfer aus triftigen Gr\u00fcnden :-), fahrt m\u00f6glichst rechts, denn der andere k\u00f6nnte etwas mehr Schwung drauf haben und soll auch seinen Hintermann nicht ausbremsen, so hat er die M\u00f6glichkeit auf der rechten Spur auszurollen, ohne jemanden auszubremsen, auf die Gegenfahrbahn zu m\u00fcssen oder in dich zu touchieren. \u00dcberholen leicht gemacht: die Vorderm\u00e4nner fahren auf der Gegenfahrbahn und blinkenlinks. Ich nenne das &#8222;das verl\u00e4ngerte Auge&#8220;. Sobald etwas auch nur entgegenzukommen scheint wird rein gefahren. So kann man es seinen Hinterm\u00e4nnern auch bei nicht sehr \u00fcbersichtlichen Stellen erm\u00f6glichen zu \u00fcberholen.<br \/>\n<b><\/b><\/p>\n<h4><b>Dreck auf der Fahrbahn<\/b><\/h4>\n<p>Wenn ihr die M\u00f6glichkeit habt (d. h. nicht selbst gerade mit dem Motorrad k\u00e4mpft, um oben zu bleiben), dann zeigt eurem Hintermann an, dass da was ist, was da nicht hingeh\u00f6rt &#8211; Fingerzeig nach unten.<br \/>\n<b><\/b><\/p>\n<h4><b>Ampeln, Kreuzungen<\/b><\/h4>\n<p>Reiht euch bei Ampeln, Kreuzungen etc. auf, meistens passen zwei oder sogar mehr nebeneinander. Achtet dabei auf eine leichte Staffelung, dann k\u00f6nnen wir fast alle gleichzeitig los fahren, aber bitte keine Ausbeschleunigungen. Sollten es nicht alle schaffen, bei einer Ampelphase dr\u00fcber zukommen oder beim Abbiegen uns Autos in die Quere kommen, dann habt keine Angst, sp\u00e4testens vor dem n\u00e4chsten Abbiegen warten wir. Wir lassen (m\u00f6glichst) kein Auto vorbei, um dieses dann wieder als ganze Gruppe \u00fcberholen zu m\u00fcssen, wenn das ein Opa im Benz mit Hut ist, ist\u00b4s Qu\u00e4lerei. Wie gesagt jeder ist f\u00fcr jeden verantwortlich und wenn wir dann sehen, ihr seid hinter dem, dann zeigen wir euch Gelegenheit mit &#8222;verl\u00e4ngertem Auge&#8220;, dass ihr vorbeikommt. Ampelphasen haben aber leider die schlechte Angewohnheit lange zu dauern, aber wenn keiner unseren Weg nimmt, dann fahren wir langsam vor, sobald die Gruppe euer Kommen bemerkt fahren wir wieder normal Geschwindigkeit, so vermeiden wir unn\u00f6tiges! Aufdrehen und Bremsen.<br \/>\n<b><\/b><\/p>\n<h4><b>Mut zur Kritik\/lernt von einander<\/b><\/h4>\n<p>Wenn ihr der Meinung seid, dass jemand noch etwas an seinem Fahrstiel zu seiner eigenen Sicherheit verbessern k\u00f6nnte (z. B. st\u00e4ndiges Fahren \u00fcber die Mittellinie &lt;in Kurven&gt;), dann macht den Betreffenden bitte h\u00f6flich und vorsichtig darauf aufmerksam. Erstens k\u00f6nntet ihr euch irren, zweitens nehmen manche Kritik nicht immer positiv auf. Oder andersherum: ihr seid der Meinung euch bei wem was abschauen zu k\u00f6nnen, aber dieser f\u00e4hrt nicht direkt vor euch, dann besprecht das beim n\u00e4chsten Stopp, um einen Positionswechsel vornehmen zu k\u00f6nnen.<\/p>\n","protected":false},"excerpt":{"rendered":"<p>Tipps f\u00fcr Alpeneinsteiger Ich bin nicht der gro\u00dfe Guru, dennoch will ich euch schon vorab mal ein paar Tipps f\u00fcrs P\u00e4ssefahren geben. Einen Berg ist bestimmt jeder schon mal gefahren und ne Kurve hat auch jeder schon mal erlebt. Aber was, wenn die Kurve zum Berg dazu kommt? &#8230;und das grad 10 bis 15 mal &hellip; <a href=\"https:\/\/roessner.ch\/?page_id=61\" class=\"more-link\"><span class=\"screen-reader-text\">4D Infoseite<\/span> weiterlesen <span class=\"meta-nav\">&rarr;<\/span><\/a><\/p>\n","protected":false},"author":2,"featured_media":0,"parent":47,"menu_order":0,"comment_status":"closed","ping_status":"closed","template":"","meta":{"footnotes":""},"class_list":["post-61","page","type-page","status-publish","hentry"],"_links":{"self":[{"href":"https:\/\/roessner.ch\/index.php?rest_route=\/wp\/v2\/pages\/61","targetHints":{"allow":["GET"]}}],"collection":[{"href":"https:\/\/roessner.ch\/index.php?rest_route=\/wp\/v2\/pages"}],"about":[{"href":"https:\/\/roessner.ch\/index.php?rest_route=\/wp\/v2\/types\/page"}],"author":[{"embeddable":true,"href":"https:\/\/roessner.ch\/index.php?rest_route=\/wp\/v2\/users\/2"}],"replies":[{"embeddable":true,"href":"https:\/\/roessner.ch\/index.php?rest_route=%2Fwp%2Fv2%2Fcomments&post=61"}],"version-history":[{"count":4,"href":"https:\/\/roessner.ch\/index.php?rest_route=\/wp\/v2\/pages\/61\/revisions"}],"predecessor-version":[{"id":149,"href":"https:\/\/roessner.ch\/index.php?rest_route=\/wp\/v2\/pages\/61\/revisions\/149"}],"up":[{"embeddable":true,"href":"https:\/\/roessner.ch\/index.php?rest_route=\/wp\/v2\/pages\/47"}],"wp:attachment":[{"href":"https:\/\/roessner.ch\/index.php?rest_route=%2Fwp%2Fv2%2Fmedia&parent=61"}],"curies":[{"name":"wp","href":"https:\/\/api.w.org\/{rel}","templated":true}]}}